{"id":188,"date":"2017-11-23T02:19:21","date_gmt":"2017-11-23T01:19:21","guid":{"rendered":"http:\/\/www.kazoko.fr\/?page_id=188"},"modified":"2026-02-02T19:32:18","modified_gmt":"2026-02-02T18:32:18","slug":"menu-chirashi","status":"publish","type":"page","link":"http:\/\/www.kazoko.fr\/index.php\/menu-chirashi\/","title":{"rendered":"Menu Chirashi"},"content":{"rendered":"<p style=\"text-align: center;\"><span style=\"color: #000000;\"><strong>Menus servi avec une soupe miso et salade crudit\u00e9<\/strong><\/span><\/p>\n<h3 style=\"text-align: center;\"><strong>Menu Z<\/strong><\/h3>\n<p style=\"text-align: center;\">Sashimi saumon sur Riz vinaigr\u00e9&#8230;&#8230;&#8230;&#8230;&#8230;&#8230;&#8230;&#8230;&#8230;&#8230;&#8230;&#8230;&#8230;&#8230;&#8230;&#8230;&#8230;&#8230;&#8230;&#8230;.<strong>15\u20ac50<\/strong><\/p>\n<p><img loading=\"lazy\" decoding=\"async\" class=\"aligncenter size-medium wp-image-95\" src=\"http:\/\/www.kazoko.fr\/wp-content\/uploads\/2017\/11\/N-300x245.jpg\" alt=\"\" width=\"300\" height=\"245\" srcset=\"http:\/\/www.kazoko.fr\/wp-content\/uploads\/2017\/11\/N-300x245.jpg 300w, http:\/\/www.kazoko.fr\/wp-content\/uploads\/2017\/11\/N-768x628.jpg 768w, http:\/\/www.kazoko.fr\/wp-content\/uploads\/2017\/11\/N.jpg 864w\" sizes=\"auto, (max-width: 300px) 100vw, 300px\" \/><\/p>\n<h3 style=\"text-align: center;\"><strong>Menu Z2<\/strong><\/h3>\n<p style=\"text-align: center;\">Sashimi thon sur Riz vinaigr\u00e9&#8230;&#8230;&#8230;&#8230;&#8230;&#8230;&#8230;&#8230;&#8230;&#8230;&#8230;&#8230;&#8230;&#8230;&#8230;&#8230;&#8230;&#8230;&#8230;&#8230;&#8230;&#8230;&#8230;<strong>17\u20ac50<\/strong><\/p>\n<p><img loading=\"lazy\" decoding=\"async\" class=\"aligncenter size-medium wp-image-96\" src=\"http:\/\/www.kazoko.fr\/wp-content\/uploads\/2017\/11\/N2-300x242.jpg\" alt=\"\" width=\"300\" height=\"242\" srcset=\"http:\/\/www.kazoko.fr\/wp-content\/uploads\/2017\/11\/N2-300x242.jpg 300w, http:\/\/www.kazoko.fr\/wp-content\/uploads\/2017\/11\/N2-768x620.jpg 768w, http:\/\/www.kazoko.fr\/wp-content\/uploads\/2017\/11\/N2.jpg 843w\" sizes=\"auto, (max-width: 300px) 100vw, 300px\" \/><\/p>\n<h3 style=\"text-align: center;\"><strong>Menu Z3 Chirashi marin\u00e9<\/strong><\/h3>\n<p style=\"text-align: center;\">Tartare saumon, Tartare thon, concombre, citron vert, huile d&rsquo;olive et s\u00e9sames sur Riz <strong>vinaigr\u00e9&#8230;17\u20ac50<\/strong><\/p>\n<p style=\"text-align: center;\"><img loading=\"lazy\" decoding=\"async\" class=\"aligncenter size-medium wp-image-70\" src=\"http:\/\/www.kazoko.fr\/wp-content\/uploads\/2017\/11\/N3-300x228.jpg\" alt=\"\" width=\"300\" height=\"228\" srcset=\"http:\/\/www.kazoko.fr\/wp-content\/uploads\/2017\/11\/N3-300x228.jpg 300w, http:\/\/www.kazoko.fr\/wp-content\/uploads\/2017\/11\/N3-768x583.jpg 768w, http:\/\/www.kazoko.fr\/wp-content\/uploads\/2017\/11\/N3-1024x777.jpg 1024w, http:\/\/www.kazoko.fr\/wp-content\/uploads\/2017\/11\/N3.jpg 1063w\" sizes=\"auto, (max-width: 300px) 100vw, 300px\" \/><\/p>\n<h3 style=\"text-align: center;\">Menu Z4<\/h3>\n<p style=\"text-align: center;\">Tranches d&rsquo;anguille fum\u00e9e sur Riz vinaigr\u00e9&#8230;&#8230;&#8230;&#8230;&#8230;&#8230;&#8230;&#8230;&#8230;&#8230;<strong>17\u20ac00<\/strong><\/p>\n<p><img loading=\"lazy\" decoding=\"async\" class=\"aligncenter size-medium wp-image-97\" src=\"http:\/\/www.kazoko.fr\/wp-content\/uploads\/2017\/11\/N4-300x260.jpg\" alt=\"\" width=\"300\" height=\"260\" srcset=\"http:\/\/www.kazoko.fr\/wp-content\/uploads\/2017\/11\/N4-300x260.jpg 300w, http:\/\/www.kazoko.fr\/wp-content\/uploads\/2017\/11\/N4-768x667.jpg 768w, http:\/\/www.kazoko.fr\/wp-content\/uploads\/2017\/11\/N4.jpg 843w\" sizes=\"auto, (max-width: 300px) 100vw, 300px\" \/><\/p>\n<h3 style=\"text-align: center;\"><strong>Menu Z5<\/strong><\/h3>\n<p style=\"text-align: center;\">Sashimi assortis sur Riz vinaigr\u00e9&#8230;&#8230;&#8230;&#8230;&#8230;&#8230;&#8230;&#8230;&#8230;&#8230;&#8230;&#8230;&#8230;<strong>15\u20ac50<\/strong><\/p>\n<p><img loading=\"lazy\" decoding=\"async\" class=\"aligncenter size-medium wp-image-98\" src=\"http:\/\/www.kazoko.fr\/wp-content\/uploads\/2017\/11\/N5-300x240.jpg\" alt=\"\" width=\"300\" height=\"240\" srcset=\"http:\/\/www.kazoko.fr\/wp-content\/uploads\/2017\/11\/N5-300x240.jpg 300w, http:\/\/www.kazoko.fr\/wp-content\/uploads\/2017\/11\/N5-768x614.jpg 768w, http:\/\/www.kazoko.fr\/wp-content\/uploads\/2017\/11\/N5.jpg 854w\" sizes=\"auto, (max-width: 300px) 100vw, 300px\" \/><\/p>\n<h3 style=\"text-align: center;\"><strong>Menu Z6<\/strong><\/h3>\n<p style=\"text-align: center;\">B\u0153uf ou poulet saut\u00e9 aux oignons sur riz nature (chaud)&#8230;&#8230;&#8230;&#8230;<strong>12\u20ac50<\/strong><\/p>\n<p><img loading=\"lazy\" decoding=\"async\" class=\"aligncenter size-medium wp-image-71\" src=\"http:\/\/www.kazoko.fr\/wp-content\/uploads\/2017\/11\/N6-300x238.jpg\" alt=\"\" width=\"300\" height=\"238\" srcset=\"http:\/\/www.kazoko.fr\/wp-content\/uploads\/2017\/11\/N6-300x238.jpg 300w, http:\/\/www.kazoko.fr\/wp-content\/uploads\/2017\/11\/N6-768x609.jpg 768w, http:\/\/www.kazoko.fr\/wp-content\/uploads\/2017\/11\/N6.jpg 821w\" sizes=\"auto, (max-width: 300px) 100vw, 300px\" \/><\/p>\n","protected":false},"excerpt":{"rendered":"<p>Menus servi avec une soupe miso et salade crudit\u00e9 Menu Z Sashimi saumon sur Riz vinaigr\u00e9&#8230;&#8230;&#8230;&#8230;&#8230;&#8230;&#8230;&#8230;&#8230;&#8230;&#8230;&#8230;&#8230;&#8230;&#8230;&#8230;&#8230;&#8230;&#8230;&#8230;.15\u20ac50 Menu Z2 Sashimi thon sur Riz vinaigr\u00e9&#8230;&#8230;&#8230;&#8230;&#8230;&#8230;&#8230;&#8230;&#8230;&#8230;&#8230;&#8230;&#8230;&#8230;&#8230;&#8230;&#8230;&#8230;&#8230;&#8230;&#8230;&#8230;&#8230;17\u20ac50 Menu Z3 Chirashi marin\u00e9 Tartare saumon, Tartare thon, concombre, citron vert, huile d&rsquo;olive et s\u00e9sames sur Riz vinaigr\u00e9&#8230;17\u20ac50 Menu Z4 Tranches d&rsquo;anguille fum\u00e9e sur Riz vinaigr\u00e9&#8230;&#8230;&#8230;&#8230;&#8230;&#8230;&#8230;&#8230;&#8230;&#8230;17\u20ac00 Menu Z5 Sashimi assortis sur Riz [&hellip;]<\/p>\n","protected":false},"author":1,"featured_media":0,"parent":0,"menu_order":0,"comment_status":"closed","ping_status":"closed","template":"","meta":{"footnotes":""},"class_list":["post-188","page","type-page","status-publish","hentry"],"_links":{"self":[{"href":"http:\/\/www.kazoko.fr\/index.php\/wp-json\/wp\/v2\/pages\/188","targetHints":{"allow":["GET"]}}],"collection":[{"href":"http:\/\/www.kazoko.fr\/index.php\/wp-json\/wp\/v2\/pages"}],"about":[{"href":"http:\/\/www.kazoko.fr\/index.php\/wp-json\/wp\/v2\/types\/page"}],"author":[{"embeddable":true,"href":"http:\/\/www.kazoko.fr\/index.php\/wp-json\/wp\/v2\/users\/1"}],"replies":[{"embeddable":true,"href":"http:\/\/www.kazoko.fr\/index.php\/wp-json\/wp\/v2\/comments?post=188"}],"version-history":[{"count":10,"href":"http:\/\/www.kazoko.fr\/index.php\/wp-json\/wp\/v2\/pages\/188\/revisions"}],"predecessor-version":[{"id":2910,"href":"http:\/\/www.kazoko.fr\/index.php\/wp-json\/wp\/v2\/pages\/188\/revisions\/2910"}],"wp:attachment":[{"href":"http:\/\/www.kazoko.fr\/index.php\/wp-json\/wp\/v2\/media?parent=188"}],"curies":[{"name":"wp","href":"https:\/\/api.w.org\/{rel}","templated":true}]}}