{"id":192,"date":"2017-11-23T02:19:21","date_gmt":"2017-11-23T01:19:21","guid":{"rendered":"http:\/\/www.kazoko.fr\/?page_id=192"},"modified":"2026-01-20T18:06:02","modified_gmt":"2026-01-20T17:06:02","slug":"boissons","status":"publish","type":"page","link":"http:\/\/www.kazoko.fr\/index.php\/boissons\/","title":{"rendered":"Boissons"},"content":{"rendered":"<p><img loading=\"lazy\" decoding=\"async\" class=\"aligncenter size-medium wp-image-611\" src=\"http:\/\/www.kazoko.fr\/wp-content\/uploads\/2017\/11\/limonade-japonaise-300x300.jpg\" alt=\"\" width=\"300\" height=\"300\" srcset=\"http:\/\/www.kazoko.fr\/wp-content\/uploads\/2017\/11\/limonade-japonaise-300x300.jpg 300w, http:\/\/www.kazoko.fr\/wp-content\/uploads\/2017\/11\/limonade-japonaise-150x150.jpg 150w, http:\/\/www.kazoko.fr\/wp-content\/uploads\/2017\/11\/limonade-japonaise-100x100.jpg 100w, http:\/\/www.kazoko.fr\/wp-content\/uploads\/2017\/11\/limonade-japonaise-400x400.jpg 400w, http:\/\/www.kazoko.fr\/wp-content\/uploads\/2017\/11\/limonade-japonaise.jpg 458w\" sizes=\"auto, (max-width: 300px) 100vw, 300px\" \/><\/p>\n<p style=\"text-align: center;\">Jus de fruit &#8230;&#8230;&#8230;&#8230;&#8230;&#8230;&#8230;&#8230;&#8230;&#8230;&#8230;&#8230;&#8230;&#8230;&#8230;&#8230;&#8230;&#8230;&#8230;&#8230;&#8230;.<strong>3\u20ac50<\/strong><\/p>\n<p style=\"text-align: center;\">(Ananas, Lychee, Mangue, Orange, Pomme)<\/p>\n<p style=\"text-align: center;\">Coco Cola \/ Zero (33cl)&#8230;&#8230;&#8230;&#8230;&#8230;&#8230;&#8230;&#8230;&#8230;.. <strong>3<\/strong><strong>\u20ac00<\/strong><\/p>\n<p style=\"text-align: center;\">Perrier (33cl)&#8230;&#8230;&#8230;&#8230;&#8230;&#8230;&#8230;&#8230;&#8230;&#8230;&#8230;&#8230;&#8230;&#8230;&#8230;&#8230;&#8230;&#8230;&#8230;&#8230;&#8230;<strong>3\u20ac50<\/strong><\/p>\n<p style=\"text-align: center;\">Orangina, Ice Tea (25cl)&#8230;&#8230;&#8230;&#8230;.<strong>3\u20ac50<\/strong><\/p>\n<p style=\"text-align: center;\">Th\u00e9 au Jasmin&#8230;&#8230;&#8230;&#8230;&#8230;&#8230;&#8230;&#8230;&#8230;&#8230;&#8230;&#8230;&#8230;&#8230;&#8230;&#8230;&#8230;&#8230;&#8230;..<strong>3<\/strong><strong>\u20ac00<\/strong><\/p>\n<p style=\"text-align: center;\">Th\u00e9 Vert&#8230;&#8230;&#8230;&#8230;&#8230;&#8230;&#8230;&#8230;&#8230;&#8230;&#8230;&#8230;&#8230;&#8230;&#8230;&#8230;&#8230;&#8230;&#8230;&#8230;&#8230;&#8230;&#8230;..<strong>3<\/strong><strong>\u20ac00<\/strong><\/p>\n<p style=\"text-align: center;\">Evian, San Pellegrino&#8230;&#8230;&#8230;&#8230;&#8230;&#8230;&#8230;&#8230;&#8230;&#8230;&#8230;&#8230;&#8230;&#8230;.. 50cl <strong>3\u20ac50<\/strong> \/ 1L <strong>5\u20ac50<\/strong><\/p>\n<p style=\"text-align: center;\">Caf\u00e9&#8230;&#8230;&#8230;&#8230;&#8230;&#8230;&#8230;&#8230;&#8230;&#8230;&#8230;&#8230;&#8230;&#8230;&#8230;&#8230;&#8230;&#8230;&#8230;&#8230;&#8230;&#8230;&#8230;&#8230;&#8230;&#8230;&#8230;<strong>2<\/strong><strong>\u20ac50<\/strong><\/p>\n<p style=\"text-align: center;\">D\u00e9caf\u00e9in\u00e9&#8230;&#8230;&#8230;&#8230;&#8230;&#8230;&#8230;&#8230;&#8230;&#8230;&#8230;&#8230;&#8230;&#8230;&#8230;&#8230;&#8230;&#8230;&#8230;&#8230;&#8230;&#8230;..<strong>3<\/strong><strong>\u20ac00<\/strong><\/p>\n<p style=\"text-align: center;\">Limonade \u00e0 la japonaise&#8230;&#8230;&#8230;&#8230;&#8230;&#8230;&#8230;&#8230;&#8230;&#8230;&#8230;&#8230;.. 20cl\u00a0<strong>3\u20ac50<\/strong><\/p>\n<p style=\"text-align: center;\">(Nature, Fraise)<\/p>\n","protected":false},"excerpt":{"rendered":"<p>Jus de fruit &#8230;&#8230;&#8230;&#8230;&#8230;&#8230;&#8230;&#8230;&#8230;&#8230;&#8230;&#8230;&#8230;&#8230;&#8230;&#8230;&#8230;&#8230;&#8230;&#8230;&#8230;.3\u20ac50 (Ananas, Lychee, Mangue, Orange, Pomme) Coco Cola \/ Zero (33cl)&#8230;&#8230;&#8230;&#8230;&#8230;&#8230;&#8230;&#8230;&#8230;.. 3\u20ac00 Perrier (33cl)&#8230;&#8230;&#8230;&#8230;&#8230;&#8230;&#8230;&#8230;&#8230;&#8230;&#8230;&#8230;&#8230;&#8230;&#8230;&#8230;&#8230;&#8230;&#8230;&#8230;&#8230;3\u20ac50 Orangina, Ice Tea (25cl)&#8230;&#8230;&#8230;&#8230;.3\u20ac50 Th\u00e9 au Jasmin&#8230;&#8230;&#8230;&#8230;&#8230;&#8230;&#8230;&#8230;&#8230;&#8230;&#8230;&#8230;&#8230;&#8230;&#8230;&#8230;&#8230;&#8230;&#8230;..3\u20ac00 Th\u00e9 Vert&#8230;&#8230;&#8230;&#8230;&#8230;&#8230;&#8230;&#8230;&#8230;&#8230;&#8230;&#8230;&#8230;&#8230;&#8230;&#8230;&#8230;&#8230;&#8230;&#8230;&#8230;&#8230;&#8230;..3\u20ac00 Evian, San Pellegrino&#8230;&#8230;&#8230;&#8230;&#8230;&#8230;&#8230;&#8230;&#8230;&#8230;&#8230;&#8230;&#8230;&#8230;.. 50cl 3\u20ac50 \/ 1L 5\u20ac50 Caf\u00e9&#8230;&#8230;&#8230;&#8230;&#8230;&#8230;&#8230;&#8230;&#8230;&#8230;&#8230;&#8230;&#8230;&#8230;&#8230;&#8230;&#8230;&#8230;&#8230;&#8230;&#8230;&#8230;&#8230;&#8230;&#8230;&#8230;&#8230;2\u20ac50 D\u00e9caf\u00e9in\u00e9&#8230;&#8230;&#8230;&#8230;&#8230;&#8230;&#8230;&#8230;&#8230;&#8230;&#8230;&#8230;&#8230;&#8230;&#8230;&#8230;&#8230;&#8230;&#8230;&#8230;&#8230;&#8230;..3\u20ac00 Limonade \u00e0 la japonaise&#8230;&#8230;&#8230;&#8230;&#8230;&#8230;&#8230;&#8230;&#8230;&#8230;&#8230;&#8230;.. 20cl\u00a03\u20ac50 (Nature, Fraise)<\/p>\n","protected":false},"author":1,"featured_media":0,"parent":0,"menu_order":0,"comment_status":"closed","ping_status":"closed","template":"","meta":{"footnotes":""},"class_list":["post-192","page","type-page","status-publish","hentry"],"_links":{"self":[{"href":"http:\/\/www.kazoko.fr\/index.php\/wp-json\/wp\/v2\/pages\/192","targetHints":{"allow":["GET"]}}],"collection":[{"href":"http:\/\/www.kazoko.fr\/index.php\/wp-json\/wp\/v2\/pages"}],"about":[{"href":"http:\/\/www.kazoko.fr\/index.php\/wp-json\/wp\/v2\/types\/page"}],"author":[{"embeddable":true,"href":"http:\/\/www.kazoko.fr\/index.php\/wp-json\/wp\/v2\/users\/1"}],"replies":[{"embeddable":true,"href":"http:\/\/www.kazoko.fr\/index.php\/wp-json\/wp\/v2\/comments?post=192"}],"version-history":[{"count":9,"href":"http:\/\/www.kazoko.fr\/index.php\/wp-json\/wp\/v2\/pages\/192\/revisions"}],"predecessor-version":[{"id":2893,"href":"http:\/\/www.kazoko.fr\/index.php\/wp-json\/wp\/v2\/pages\/192\/revisions\/2893"}],"wp:attachment":[{"href":"http:\/\/www.kazoko.fr\/index.php\/wp-json\/wp\/v2\/media?parent=192"}],"curies":[{"name":"wp","href":"https:\/\/api.w.org\/{rel}","templated":true}]}}