{"id":318,"date":"2017-11-24T02:26:10","date_gmt":"2017-11-24T01:26:10","guid":{"rendered":"http:\/\/www.kazoko.fr\/?page_id=318"},"modified":"2026-02-02T19:28:59","modified_gmt":"2026-02-02T18:28:59","slug":"menu-plat-chaud","status":"publish","type":"page","link":"http:\/\/www.kazoko.fr\/index.php\/menu-plat-chaud\/","title":{"rendered":"Menu Plat Chaud"},"content":{"rendered":"<h3 style=\"text-align: center;\"><strong>Menu T1<\/strong><\/h3>\n<p style=\"text-align: center;\">Soupe Miso, Salade crudit\u00e9, Riz et 6 Tempura crevette&#8230;&#8230;&#8230;&#8230;&#8230;.<strong>12\u20ac00<\/strong><\/p>\n<p style=\"text-align: center;\"><img loading=\"lazy\" decoding=\"async\" class=\"aligncenter size-medium wp-image-100\" src=\"http:\/\/www.kazoko.fr\/wp-content\/uploads\/2017\/11\/T1-300x200.jpg\" alt=\"\" width=\"300\" height=\"200\" srcset=\"http:\/\/www.kazoko.fr\/wp-content\/uploads\/2017\/11\/T1-300x200.jpg 300w, http:\/\/www.kazoko.fr\/wp-content\/uploads\/2017\/11\/T1.jpg 660w\" sizes=\"auto, (max-width: 300px) 100vw, 300px\" \/><\/p>\n<h3 style=\"text-align: center;\"><strong>Menu T2<\/strong><\/h3>\n<p style=\"text-align: center;\">Soupe Miso, Salade crudit\u00e9, Riz et Poulet pan\u00e9&#8230;&#8230;&#8230;&#8230;&#8230;&#8230;&#8230;&#8230;&#8230;.<strong>13\u20ac50<\/strong><\/p>\n<p style=\"text-align: center;\"><img loading=\"lazy\" decoding=\"async\" class=\"aligncenter size-medium wp-image-87\" src=\"http:\/\/www.kazoko.fr\/wp-content\/uploads\/2017\/11\/T2-300x177.jpg\" alt=\"\" width=\"300\" height=\"177\" srcset=\"http:\/\/www.kazoko.fr\/wp-content\/uploads\/2017\/11\/T2-300x177.jpg 300w, http:\/\/www.kazoko.fr\/wp-content\/uploads\/2017\/11\/T2.jpg 705w\" sizes=\"auto, (max-width: 300px) 100vw, 300px\" \/><\/p>\n<h3 style=\"text-align: center;\"><strong>Menu T3 \/\u00a0<\/strong><strong>Menu T3A<\/strong><\/h3>\n<p style=\"text-align: center;\">Soupe Miso, Salade crudit\u00e9, Nouilles saut\u00e9es aux l\u00e9gumes \/ Nouilles saut\u00e9es aux choix (Boeuf ou Poulet)<\/p>\n<p style=\"text-align: center;\"><strong>10\u20ac00<\/strong> \/ <b>14\u20ac00<\/b><\/p>\n<p style=\"text-align: center;\"><img loading=\"lazy\" decoding=\"async\" class=\"aligncenter size-medium wp-image-101\" src=\"http:\/\/www.kazoko.fr\/wp-content\/uploads\/2017\/11\/T3-300x182.jpg\" alt=\"\" width=\"300\" height=\"182\" srcset=\"http:\/\/www.kazoko.fr\/wp-content\/uploads\/2017\/11\/T3-300x182.jpg 300w, http:\/\/www.kazoko.fr\/wp-content\/uploads\/2017\/11\/T3.jpg 605w\" sizes=\"auto, (max-width: 300px) 100vw, 300px\" \/><\/p>\n<h3 style=\"text-align: center;\"><\/h3>\n<h3 style=\"text-align: center;\"><strong>Menu T5<\/strong><\/h3>\n<p style=\"text-align: center;\">Soupe Miso, Salade crudit\u00e9 et Riz saut\u00e9 fa\u00e7on cantonaise&#8230;&#8230;..<strong>9<\/strong><strong>\u20ac50<\/strong><\/p>\n<p><img loading=\"lazy\" decoding=\"async\" class=\"aligncenter size-medium wp-image-102\" src=\"http:\/\/www.kazoko.fr\/wp-content\/uploads\/2017\/11\/T5-300x200.jpg\" alt=\"\" width=\"300\" height=\"200\" srcset=\"http:\/\/www.kazoko.fr\/wp-content\/uploads\/2017\/11\/T5-300x200.jpg 300w, http:\/\/www.kazoko.fr\/wp-content\/uploads\/2017\/11\/T5-768x512.jpg 768w, http:\/\/www.kazoko.fr\/wp-content\/uploads\/2017\/11\/T5.jpg 940w\" sizes=\"auto, (max-width: 300px) 100vw, 300px\" \/><\/p>\n","protected":false},"excerpt":{"rendered":"<p>Menu T1 Soupe Miso, Salade crudit\u00e9, Riz et 6 Tempura crevette&#8230;&#8230;&#8230;&#8230;&#8230;.12\u20ac00 Menu T2 Soupe Miso, Salade crudit\u00e9, Riz et Poulet pan\u00e9&#8230;&#8230;&#8230;&#8230;&#8230;&#8230;&#8230;&#8230;&#8230;.13\u20ac50 Menu T3 \/\u00a0Menu T3A Soupe Miso, Salade crudit\u00e9, Nouilles saut\u00e9es aux l\u00e9gumes \/ Nouilles saut\u00e9es aux choix (Boeuf ou Poulet) 10\u20ac00 \/ 14\u20ac00 Menu T5 Soupe Miso, Salade crudit\u00e9 et Riz saut\u00e9 fa\u00e7on cantonaise&#8230;&#8230;..9\u20ac50<\/p>\n","protected":false},"author":1,"featured_media":0,"parent":0,"menu_order":0,"comment_status":"closed","ping_status":"closed","template":"","meta":{"footnotes":""},"class_list":["post-318","page","type-page","status-publish","hentry"],"_links":{"self":[{"href":"http:\/\/www.kazoko.fr\/index.php\/wp-json\/wp\/v2\/pages\/318","targetHints":{"allow":["GET"]}}],"collection":[{"href":"http:\/\/www.kazoko.fr\/index.php\/wp-json\/wp\/v2\/pages"}],"about":[{"href":"http:\/\/www.kazoko.fr\/index.php\/wp-json\/wp\/v2\/types\/page"}],"author":[{"embeddable":true,"href":"http:\/\/www.kazoko.fr\/index.php\/wp-json\/wp\/v2\/users\/1"}],"replies":[{"embeddable":true,"href":"http:\/\/www.kazoko.fr\/index.php\/wp-json\/wp\/v2\/comments?post=318"}],"version-history":[{"count":7,"href":"http:\/\/www.kazoko.fr\/index.php\/wp-json\/wp\/v2\/pages\/318\/revisions"}],"predecessor-version":[{"id":2907,"href":"http:\/\/www.kazoko.fr\/index.php\/wp-json\/wp\/v2\/pages\/318\/revisions\/2907"}],"wp:attachment":[{"href":"http:\/\/www.kazoko.fr\/index.php\/wp-json\/wp\/v2\/media?parent=318"}],"curies":[{"name":"wp","href":"https:\/\/api.w.org\/{rel}","templated":true}]}}